{"id":2343,"date":"2025-11-20T13:47:13","date_gmt":"2025-11-20T12:47:13","guid":{"rendered":"https:\/\/transparencyandtruth.ch\/?page_id=2343"},"modified":"2026-01-13T09:29:47","modified_gmt":"2026-01-13T08:29:47","slug":"industry-documents","status":"publish","type":"page","link":"https:\/\/transparencyandtruth.ch\/de\/industry-documents\/","title":{"rendered":"Industriedokumente"},"content":{"rendered":"\n<p><strong>Ein weltweit einzigartiges Archiv<\/strong><\/p>\n\n\n\n<p>Unsere Arbeit st\u00fctzt sich unter anderem auf interne Dokumente der Tabakindustrie, die in der \u201e<a href=\"https:\/\/www.industrydocuments.ucsf.edu\/tobacco\/about\/\">Industry Documents Library<\/a>\u201d der Universit\u00e4t von Kalifornien in San Francisco aufbewahrt werden.<\/p>\n\n\n\n<p>Die 2002 gegr\u00fcndete \u201eIndustry Documents Library\u201d hat die Aufgabe, Millionen von Dokumenten aus historischen Rechtsstreitigkeiten, darunter das \u201e<a href=\"https:\/\/truthinitiative.org\/who-we-are\/our-history\/master-settlement-agreement\">Master Settlement Agreement<\/a>\u201d (1998), zu bewahren und zug\u00e4nglich zu machen.<\/p>\n\n\n\n<p>Urspr\u00fcnglich befasste sich die Bibliothek ausschlie\u00dflich mit Tabak, wurde jedoch sp\u00e4ter auf andere Sektoren ausgeweitet, die Auswirkungen auf die \u00f6ffentliche Gesundheit haben: Opioidhersteller, chemische Industrie, Agrarindustrie und fossile Industrien.<\/p>\n\n\n\n<p>Die Datenbank wird st\u00e4ndig aktualisiert und umfasst heute fast 20 Millionen Dokumente zum Thema Tabak, die seit Beginn des 20. Jahrhunderts zur\u00fcckreichen. Sie umfasst auch aktuelle F\u00e4lle, wie beispielsweise die gegen Juul in den Vereinigten Staaten angestrengten Gerichtsverfahren.<\/p>\n\n\n\n<p><strong>Warum sollten manchmal alte Dokumente analysiert werden?<\/strong><\/p>\n\n\n\n<p>Man k\u00f6nnte meinen, dass die in diesen Dokumenten beschriebenen Strategien \u00fcberholt sind und sich die Industrie weiterentwickelt hat. Doch auch wenn neue Produkte auf den Markt gekommen sind und sich die Industrie an gesellschaftliche Ver\u00e4nderungen angepasst hat, sind ihre Taktiken weitgehend dieselben geblieben:<\/p>\n\n\n\n<ul class=\"wp-block-list\">\n<li>Manipulation der \u00f6ffentlichen Meinung;<\/li>\n\n\n\n<li>Beeinflussung der wissenschaftlichen Produktion;<\/li>\n\n\n\n<li>Marketing, das sich an junge Menschen richtet;<\/li>\n\n\n\n<li>Aggressives Lobbying;<\/li>\n<\/ul>\n\n\n\n<p>Entgegen ihren Behauptungen hat die Industrie keine grundlegenden Ver\u00e4nderungen vorgenommen, und die Analyse vergangener F\u00e4lle erm\u00f6glicht ein besseres Verst\u00e4ndnis der aktuellen Herausforderungen.<\/p>\n\n\n\n<p><strong>Tobacco Tactics: ein Referenzwerkzeug<\/strong><\/p>\n\n\n\n<p>Unsere Analysen st\u00fctzen sich auch auf die Website \u201e<a href=\"https:\/\/www.tobaccotactics.org\/about\/\">Tobacco Tactics<\/a>\u201d, eine wichtige Ressource, die von der \u201eTobacco Control Research Group\u201d der Universit\u00e4t Bath im Vereinigten K\u00f6nigreich entwickelt wurde. Diese Datenbank gilt als internationale Referenz f\u00fcr die \u00dcberwachung der Tabakindustrie.<\/p>\n\n\n\n<p>Die Website bietet fundierte Zusammenfassungen zu folgenden Themen:<\/p>\n\n\n\n<ul class=\"wp-block-list\">\n<li>Taktiken, die eingesetzt werden, um die Gesundheitspolitik zu behindern;<\/li>\n\n\n\n<li>Organisationen, Institutionen und Personen, die mit der Industrie zusammenarbeiten, insbesondere Scheingruppen; <\/li>\n\n\n\n<li>Aktuelle Themen wie neutrale Verpackungen, Besteuerung, illegaler Handel, neue Nikotinprodukte oder die Durchf\u00fchrung wissenschaftlicher Forschung.<\/li>\n<\/ul>\n\n\n\n<figure class=\"wp-block-image size-large\"><img loading=\"lazy\" decoding=\"async\" width=\"1024\" height=\"682\" src=\"https:\/\/transparencyandtruth.ch\/wp-content\/uploads\/2025\/11\/wesley-tingey-snNHKZ-mGfE-unsplash-1024x682.jpg\" alt=\"\" class=\"wp-image-2342\" srcset=\"https:\/\/transparencyandtruth.ch\/wp-content\/uploads\/2025\/11\/wesley-tingey-snNHKZ-mGfE-unsplash-1024x682.jpg 1024w, https:\/\/transparencyandtruth.ch\/wp-content\/uploads\/2025\/11\/wesley-tingey-snNHKZ-mGfE-unsplash-300x200.jpg 300w, https:\/\/transparencyandtruth.ch\/wp-content\/uploads\/2025\/11\/wesley-tingey-snNHKZ-mGfE-unsplash-768x512.jpg 768w, https:\/\/transparencyandtruth.ch\/wp-content\/uploads\/2025\/11\/wesley-tingey-snNHKZ-mGfE-unsplash-1536x1024.jpg 1536w, https:\/\/transparencyandtruth.ch\/wp-content\/uploads\/2025\/11\/wesley-tingey-snNHKZ-mGfE-unsplash-2048x1365.jpg 2048w\" sizes=\"auto, (max-width: 1024px) 100vw, 1024px\" \/><\/figure>\n","protected":false},"excerpt":{"rendered":"<p>Ein weltweit einzigartiges Archiv Unsere Arbeit st\u00fctzt sich unter anderem auf interne Dokumente der Tabakindustrie, die in der \u201eIndustry Documents Library\u201d der Universit\u00e4t von Kalifornien in San Francisco aufbewahrt werden. Die 2002 gegr\u00fcndete \u201eIndustry Documents Library\u201d hat die Aufgabe, Millionen von Dokumenten aus historischen Rechtsstreitigkeiten, darunter das \u201eMaster Settlement Agreement\u201d (1998), zu bewahren und zug\u00e4nglich [&hellip;]<\/p>\n","protected":false},"author":2,"featured_media":2342,"parent":0,"menu_order":0,"comment_status":"closed","ping_status":"closed","template":"","meta":{"_acf_changed":false,"footnotes":""},"class_list":["post-2343","page","type-page","status-publish","has-post-thumbnail","hentry"],"acf":[],"yoast_head":"<!-- This site is optimized with the Yoast SEO plugin v27.3 - https:\/\/yoast.com\/product\/yoast-seo-wordpress\/ -->\n<title>Industriedokumente - Transparency and Truth<\/title>\n<meta name=\"robots\" content=\"index, follow, max-snippet:-1, max-image-preview:large, max-video-preview:-1\" \/>\n<link rel=\"canonical\" href=\"https:\/\/transparencyandtruth.ch\/de\/industry-documents\/\" \/>\n<meta property=\"og:locale\" content=\"de_DE\" \/>\n<meta property=\"og:type\" content=\"article\" \/>\n<meta property=\"og:title\" content=\"Industriedokumente - Transparency and Truth\" \/>\n<meta property=\"og:description\" content=\"Ein weltweit einzigartiges Archiv Unsere Arbeit st\u00fctzt sich unter anderem auf interne Dokumente der Tabakindustrie, die in der \u201eIndustry Documents Library\u201d der Universit\u00e4t von Kalifornien in San Francisco aufbewahrt werden. Die 2002 gegr\u00fcndete \u201eIndustry Documents Library\u201d hat die Aufgabe, Millionen von Dokumenten aus historischen Rechtsstreitigkeiten, darunter das \u201eMaster Settlement Agreement\u201d (1998), zu bewahren und zug\u00e4nglich [&hellip;]\" \/>\n<meta property=\"og:url\" content=\"https:\/\/transparencyandtruth.ch\/de\/industry-documents\/\" \/>\n<meta property=\"og:site_name\" content=\"Transparency and Truth\" \/>\n<meta property=\"article:modified_time\" content=\"2026-01-13T08:29:47+00:00\" \/>\n<meta property=\"og:image\" content=\"https:\/\/transparencyandtruth.ch\/wp-content\/uploads\/2025\/11\/wesley-tingey-snNHKZ-mGfE-unsplash-scaled.jpg\" \/>\n\t<meta property=\"og:image:width\" content=\"2560\" \/>\n\t<meta property=\"og:image:height\" content=\"1706\" \/>\n\t<meta property=\"og:image:type\" content=\"image\/jpeg\" \/>\n<meta name=\"twitter:card\" content=\"summary_large_image\" \/>\n<meta name=\"twitter:label1\" content=\"Gesch\u00e4tzte Lesezeit\" \/>\n\t<meta name=\"twitter:data1\" content=\"2\u00a0Minuten\" \/>\n<script type=\"application\/ld+json\" class=\"yoast-schema-graph\">{\"@context\":\"https:\\\/\\\/schema.org\",\"@graph\":[{\"@type\":\"WebPage\",\"@id\":\"https:\\\/\\\/transparencyandtruth.ch\\\/de\\\/industry-documents\\\/\",\"url\":\"https:\\\/\\\/transparencyandtruth.ch\\\/de\\\/industry-documents\\\/\",\"name\":\"Industriedokumente - Transparency and Truth\",\"isPartOf\":{\"@id\":\"https:\\\/\\\/transparencyandtruth.ch\\\/de\\\/#website\"},\"primaryImageOfPage\":{\"@id\":\"https:\\\/\\\/transparencyandtruth.ch\\\/de\\\/industry-documents\\\/#primaryimage\"},\"image\":{\"@id\":\"https:\\\/\\\/transparencyandtruth.ch\\\/de\\\/industry-documents\\\/#primaryimage\"},\"thumbnailUrl\":\"https:\\\/\\\/transparencyandtruth.ch\\\/wp-content\\\/uploads\\\/2025\\\/11\\\/wesley-tingey-snNHKZ-mGfE-unsplash-scaled.jpg\",\"datePublished\":\"2025-11-20T12:47:13+00:00\",\"dateModified\":\"2026-01-13T08:29:47+00:00\",\"breadcrumb\":{\"@id\":\"https:\\\/\\\/transparencyandtruth.ch\\\/de\\\/industry-documents\\\/#breadcrumb\"},\"inLanguage\":\"de\",\"potentialAction\":[{\"@type\":\"ReadAction\",\"target\":[\"https:\\\/\\\/transparencyandtruth.ch\\\/de\\\/industry-documents\\\/\"]}]},{\"@type\":\"ImageObject\",\"inLanguage\":\"de\",\"@id\":\"https:\\\/\\\/transparencyandtruth.ch\\\/de\\\/industry-documents\\\/#primaryimage\",\"url\":\"https:\\\/\\\/transparencyandtruth.ch\\\/wp-content\\\/uploads\\\/2025\\\/11\\\/wesley-tingey-snNHKZ-mGfE-unsplash-scaled.jpg\",\"contentUrl\":\"https:\\\/\\\/transparencyandtruth.ch\\\/wp-content\\\/uploads\\\/2025\\\/11\\\/wesley-tingey-snNHKZ-mGfE-unsplash-scaled.jpg\",\"width\":2560,\"height\":1706},{\"@type\":\"BreadcrumbList\",\"@id\":\"https:\\\/\\\/transparencyandtruth.ch\\\/de\\\/industry-documents\\\/#breadcrumb\",\"itemListElement\":[{\"@type\":\"ListItem\",\"position\":1,\"name\":\"Accueil\",\"item\":\"https:\\\/\\\/transparencyandtruth.ch\\\/de\\\/\"},{\"@type\":\"ListItem\",\"position\":2,\"name\":\"Industriedokumente\"}]},{\"@type\":\"WebSite\",\"@id\":\"https:\\\/\\\/transparencyandtruth.ch\\\/de\\\/#website\",\"url\":\"https:\\\/\\\/transparencyandtruth.ch\\\/de\\\/\",\"name\":\"Transparency and Truth\",\"description\":\"\",\"publisher\":{\"@id\":\"https:\\\/\\\/transparencyandtruth.ch\\\/de\\\/#organization\"},\"alternateName\":\"TnT\",\"potentialAction\":[{\"@type\":\"SearchAction\",\"target\":{\"@type\":\"EntryPoint\",\"urlTemplate\":\"https:\\\/\\\/transparencyandtruth.ch\\\/de\\\/?s={search_term_string}\"},\"query-input\":{\"@type\":\"PropertyValueSpecification\",\"valueRequired\":true,\"valueName\":\"search_term_string\"}}],\"inLanguage\":\"de\"},{\"@type\":\"Organization\",\"@id\":\"https:\\\/\\\/transparencyandtruth.ch\\\/de\\\/#organization\",\"name\":\"Transparency and Truth\",\"alternateName\":\"TnT\",\"url\":\"https:\\\/\\\/transparencyandtruth.ch\\\/de\\\/\",\"logo\":{\"@type\":\"ImageObject\",\"inLanguage\":\"de\",\"@id\":\"https:\\\/\\\/transparencyandtruth.ch\\\/de\\\/#\\\/schema\\\/logo\\\/image\\\/\",\"url\":\"https:\\\/\\\/transparencyandtruth.ch\\\/wp-content\\\/uploads\\\/2025\\\/05\\\/tnt_logo.png\",\"contentUrl\":\"https:\\\/\\\/transparencyandtruth.ch\\\/wp-content\\\/uploads\\\/2025\\\/05\\\/tnt_logo.png\",\"width\":1041,\"height\":716,\"caption\":\"Transparency and Truth\"},\"image\":{\"@id\":\"https:\\\/\\\/transparencyandtruth.ch\\\/de\\\/#\\\/schema\\\/logo\\\/image\\\/\"},\"sameAs\":[\"https:\\\/\\\/www.instagram.com\\\/transparencytruth\\\/\",\"https:\\\/\\\/www.linkedin.com\\\/company\\\/transparency-and-truth\\\/\"]}]}<\/script>\n<!-- \/ Yoast SEO plugin. -->","yoast_head_json":{"title":"Industriedokumente - Transparency and Truth","robots":{"index":"index","follow":"follow","max-snippet":"max-snippet:-1","max-image-preview":"max-image-preview:large","max-video-preview":"max-video-preview:-1"},"canonical":"https:\/\/transparencyandtruth.ch\/de\/industry-documents\/","og_locale":"de_DE","og_type":"article","og_title":"Industriedokumente - Transparency and Truth","og_description":"Ein weltweit einzigartiges Archiv Unsere Arbeit st\u00fctzt sich unter anderem auf interne Dokumente der Tabakindustrie, die in der \u201eIndustry Documents Library\u201d der Universit\u00e4t von Kalifornien in San Francisco aufbewahrt werden. Die 2002 gegr\u00fcndete \u201eIndustry Documents Library\u201d hat die Aufgabe, Millionen von Dokumenten aus historischen Rechtsstreitigkeiten, darunter das \u201eMaster Settlement Agreement\u201d (1998), zu bewahren und zug\u00e4nglich [&hellip;]","og_url":"https:\/\/transparencyandtruth.ch\/de\/industry-documents\/","og_site_name":"Transparency and Truth","article_modified_time":"2026-01-13T08:29:47+00:00","og_image":[{"width":2560,"height":1706,"url":"https:\/\/transparencyandtruth.ch\/wp-content\/uploads\/2025\/11\/wesley-tingey-snNHKZ-mGfE-unsplash-scaled.jpg","type":"image\/jpeg"}],"twitter_card":"summary_large_image","twitter_misc":{"Gesch\u00e4tzte Lesezeit":"2\u00a0Minuten"},"schema":{"@context":"https:\/\/schema.org","@graph":[{"@type":"WebPage","@id":"https:\/\/transparencyandtruth.ch\/de\/industry-documents\/","url":"https:\/\/transparencyandtruth.ch\/de\/industry-documents\/","name":"Industriedokumente - Transparency and Truth","isPartOf":{"@id":"https:\/\/transparencyandtruth.ch\/de\/#website"},"primaryImageOfPage":{"@id":"https:\/\/transparencyandtruth.ch\/de\/industry-documents\/#primaryimage"},"image":{"@id":"https:\/\/transparencyandtruth.ch\/de\/industry-documents\/#primaryimage"},"thumbnailUrl":"https:\/\/transparencyandtruth.ch\/wp-content\/uploads\/2025\/11\/wesley-tingey-snNHKZ-mGfE-unsplash-scaled.jpg","datePublished":"2025-11-20T12:47:13+00:00","dateModified":"2026-01-13T08:29:47+00:00","breadcrumb":{"@id":"https:\/\/transparencyandtruth.ch\/de\/industry-documents\/#breadcrumb"},"inLanguage":"de","potentialAction":[{"@type":"ReadAction","target":["https:\/\/transparencyandtruth.ch\/de\/industry-documents\/"]}]},{"@type":"ImageObject","inLanguage":"de","@id":"https:\/\/transparencyandtruth.ch\/de\/industry-documents\/#primaryimage","url":"https:\/\/transparencyandtruth.ch\/wp-content\/uploads\/2025\/11\/wesley-tingey-snNHKZ-mGfE-unsplash-scaled.jpg","contentUrl":"https:\/\/transparencyandtruth.ch\/wp-content\/uploads\/2025\/11\/wesley-tingey-snNHKZ-mGfE-unsplash-scaled.jpg","width":2560,"height":1706},{"@type":"BreadcrumbList","@id":"https:\/\/transparencyandtruth.ch\/de\/industry-documents\/#breadcrumb","itemListElement":[{"@type":"ListItem","position":1,"name":"Accueil","item":"https:\/\/transparencyandtruth.ch\/de\/"},{"@type":"ListItem","position":2,"name":"Industriedokumente"}]},{"@type":"WebSite","@id":"https:\/\/transparencyandtruth.ch\/de\/#website","url":"https:\/\/transparencyandtruth.ch\/de\/","name":"Transparency and Truth","description":"","publisher":{"@id":"https:\/\/transparencyandtruth.ch\/de\/#organization"},"alternateName":"TnT","potentialAction":[{"@type":"SearchAction","target":{"@type":"EntryPoint","urlTemplate":"https:\/\/transparencyandtruth.ch\/de\/?s={search_term_string}"},"query-input":{"@type":"PropertyValueSpecification","valueRequired":true,"valueName":"search_term_string"}}],"inLanguage":"de"},{"@type":"Organization","@id":"https:\/\/transparencyandtruth.ch\/de\/#organization","name":"Transparency and Truth","alternateName":"TnT","url":"https:\/\/transparencyandtruth.ch\/de\/","logo":{"@type":"ImageObject","inLanguage":"de","@id":"https:\/\/transparencyandtruth.ch\/de\/#\/schema\/logo\/image\/","url":"https:\/\/transparencyandtruth.ch\/wp-content\/uploads\/2025\/05\/tnt_logo.png","contentUrl":"https:\/\/transparencyandtruth.ch\/wp-content\/uploads\/2025\/05\/tnt_logo.png","width":1041,"height":716,"caption":"Transparency and Truth"},"image":{"@id":"https:\/\/transparencyandtruth.ch\/de\/#\/schema\/logo\/image\/"},"sameAs":["https:\/\/www.instagram.com\/transparencytruth\/","https:\/\/www.linkedin.com\/company\/transparency-and-truth\/"]}]}},"_links":{"self":[{"href":"https:\/\/transparencyandtruth.ch\/de\/wp-json\/wp\/v2\/pages\/2343","targetHints":{"allow":["GET"]}}],"collection":[{"href":"https:\/\/transparencyandtruth.ch\/de\/wp-json\/wp\/v2\/pages"}],"about":[{"href":"https:\/\/transparencyandtruth.ch\/de\/wp-json\/wp\/v2\/types\/page"}],"author":[{"embeddable":true,"href":"https:\/\/transparencyandtruth.ch\/de\/wp-json\/wp\/v2\/users\/2"}],"replies":[{"embeddable":true,"href":"https:\/\/transparencyandtruth.ch\/de\/wp-json\/wp\/v2\/comments?post=2343"}],"version-history":[{"count":9,"href":"https:\/\/transparencyandtruth.ch\/de\/wp-json\/wp\/v2\/pages\/2343\/revisions"}],"predecessor-version":[{"id":2738,"href":"https:\/\/transparencyandtruth.ch\/de\/wp-json\/wp\/v2\/pages\/2343\/revisions\/2738"}],"wp:featuredmedia":[{"embeddable":true,"href":"https:\/\/transparencyandtruth.ch\/de\/wp-json\/wp\/v2\/media\/2342"}],"wp:attachment":[{"href":"https:\/\/transparencyandtruth.ch\/de\/wp-json\/wp\/v2\/media?parent=2343"}],"curies":[{"name":"wp","href":"https:\/\/api.w.org\/{rel}","templated":true}]}}