{"id":3498,"date":"2026-04-23T12:58:38","date_gmt":"2026-04-23T10:58:38","guid":{"rendered":"https:\/\/transparencyandtruth.ch\/?page_id=3498"},"modified":"2026-05-08T10:51:54","modified_gmt":"2026-05-08T08:51:54","slug":"unsere-broschueren","status":"publish","type":"page","link":"https:\/\/transparencyandtruth.ch\/de\/unsere-broschueren\/","title":{"rendered":"Unsere Brosch\u00fcren"},"content":{"rendered":"\n<p>Sie k\u00f6nnen ab sofort kostenlos A5-Brosch\u00fcren unserer Briefing-Papiere bestellen, die auf Franz\u00f6sisch, Italienisch, Deutsch und Englisch erh\u00e4ltlich sind. Schreiben Sie uns dazu einfach eine E-Mail an&nbsp;<a href=\"mailto:in**@*******se.ch\" data-original-string=\"yHJJ+c+IYk0dzDCTb6pGkg==2c25WF1RJ1QRXbgs4TyKkpWRgkz12\/lld9I\/I2Z3qhTmV8=\" title=\"Dieser Kontakt wurde von Anti-Spam by CleanTalk verschl\u00fcsselt. Klicken Sie hier, um ihn zu entschl\u00fcsseln. Um die Entschl\u00fcsselung abzuschlie\u00dfen, stellen Sie sicher, dass JavaScript in Ihrem Browser aktiviert ist.\"><strong><span \n                data-original-string='3m\/JOncdmdyM6QsbniZ2Qg==2c299H69fYZEzio1E7efbwjcKgj1YG6td982LwMR8A\/E7M='\n                class='apbct-email-encoder'\n                title='Dieser Kontakt wurde von Anti-Spam by CleanTalk verschl\u00fcsselt. Klicken Sie hier, um ihn zu entschl\u00fcsseln. Um die Entschl\u00fcsselung abzuschlie\u00dfen, stellen Sie sicher, dass JavaScript in Ihrem Browser aktiviert ist.'>in<span class=\"apbct-blur\">**<\/span>@<span class=\"apbct-blur\">*******<\/span>se.ch<\/span><\/strong><\/a>&nbsp;und geben Sie dabei die gew\u00fcnschte Brosch\u00fcre, die Anzahl der Exemplare sowie die Sprache an.<\/p>\n\n\n\n<h2 class=\"wp-block-heading\">Marketing<\/h2>\n\n\n\n<ul class=\"wp-block-list\">\n<li><a href=\"https:\/\/transparencyandtruth.ch\/wp-content\/uploads\/2025\/10\/Dossier-3-sozialen-Netzwerke-Entschlusselung-TPF_E4.pdf\" target=\"_blank\" rel=\"noreferrer noopener\">Soziale Netzwerke: Die Tabakindustrie erobert die sozialen Netzwerke<\/a><\/li>\n\n\n\n<li>Aus der Reihe \u201cFor adults only\u201d: \n<ul class=\"wp-block-list\">\n<li><a href=\"https:\/\/transparencyandtruth.ch\/wp-content\/uploads\/2025\/10\/251002-TNT-EPISODE1-DE-1.pdf\" target=\"_blank\" rel=\"noreferrer noopener\">Folge 1 \u2013 Jugendliche, die Tabakindustrie liebt euch!<\/a><\/li>\n\n\n\n<li><a href=\"https:\/\/transparencyandtruth.ch\/wp-content\/uploads\/2025\/11\/251111_TNT-EPISODE2_DE.pdf\" target=\"_blank\" rel=\"noreferrer noopener\">Folge 2 \u2013 \u201eDu bist noch zu klein, mein Grosser\u201c: Die Versuchung des Verbotenen<\/a><\/li>\n\n\n\n<li><a href=\"https:\/\/transparencyandtruth.ch\/wp-content\/uploads\/2025\/11\/251208_TNT-EPISODE3_DE-1.pdf\" target=\"_blank\" rel=\"noreferrer noopener\">Folge 3 \u2013 Von Cartoons bis zu sozialen Netzwerken: wie Marketingtools auf Jugendliche zielen<\/a><\/li>\n\n\n\n<li><a href=\"https:\/\/transparencyandtruth.ch\/wp-content\/uploads\/2025\/11\/260226_TNT-EPISODE4_DE.pdf\" target=\"_blank\" rel=\"noreferrer noopener\">Folge 4 \u2013 Teenager als Objekt der Marktforschung<\/a><\/li>\n\n\n\n<li>Folge 5 (in K\u00fcrze)<\/li>\n\n\n\n<li>Diskussion (in K\u00fcrze)<\/li>\n<\/ul>\n<\/li>\n<\/ul>\n\n\n\n<h2 class=\"wp-block-heading\">\u00d6ffentliche Meinung<\/h2>\n\n\n\n<ul class=\"wp-block-list\">\n<li><a href=\"https:\/\/transparencyandtruth.ch\/wp-content\/uploads\/2026\/03\/260316_TNT-RHETORIQUE_DE_WEB.pdf\" target=\"_blank\" rel=\"noreferrer noopener\">Rhetorik: Wie man der Tabakindustrie antwortet<\/a><\/li>\n\n\n\n<li><a href=\"https:\/\/transparencyandtruth.ch\/wp-content\/uploads\/2025\/07\/250630_TNT-LGBT-DECRYPTAGE-DE.pdf\" target=\"_blank\" rel=\"noreferrer noopener\">LGBTIQ+: Instrumentalisierung der Diversit\u00e4t<\/a><\/li>\n\n\n\n<li><a href=\"https:\/\/transparencyandtruth.ch\/wp-content\/uploads\/2024\/11\/Rapport-PARRAINAGES-DE_DEF.pdf\" target=\"_blank\" rel=\"noreferrer noopener\">Sponsoring: eigenn\u00fctzige Gro\u00dfz\u00fcgigkeit<\/a><\/li>\n<\/ul>\n\n\n\n<h2 class=\"wp-block-heading\">Neue Produkte<\/h2>\n\n\n\n<ul class=\"wp-block-list\">\n<li>Risikominderung (in K\u00fcrze)<\/li>\n<\/ul>\n\n\n\n<h2 class=\"wp-block-heading\">Umwelt<\/h2>\n\n\n\n<ul class=\"wp-block-list\">\n<li><a href=\"https:\/\/transparencyandtruth.ch\/wp-content\/uploads\/2025\/10\/Greenwashing-Analyse_DE.pdf\" target=\"_blank\" rel=\"noreferrer noopener\">Greenwashing: Taschenaschenbecher: wirksam oder Alibi?<\/a><\/li>\n<\/ul>\n\n\n\n<h2 class=\"wp-block-heading\">Hochschulen<\/h2>\n\n\n\n<ul class=\"wp-block-list\">\n<li><a href=\"https:\/\/transparencyandtruth.ch\/wp-content\/uploads\/2026\/02\/260304_UNIT_DECRYPTAGE_DE.pdf\" target=\"_blank\" rel=\"noreferrer noopener\">Hochschulen unter Einfluss<\/a><\/li>\n\n\n\n<li><a href=\"https:\/\/transparencyandtruth.ch\/wp-content\/uploads\/2024\/02\/250803_UZHP_Decryptage_DE.pdf\" target=\"_blank\" rel=\"noreferrer noopener\">Die Aff\u00e4re der Universit\u00e4t Z\u00fcrich: Die Wissenschaft im Dienste des Geldes<\/a><\/li>\n<\/ul>\n\n\n\n<h2 class=\"wp-block-heading\">Menschenrechte<\/h2>\n\n\n\n<ul class=\"wp-block-list\">\n<li><a href=\"https:\/\/transparencyandtruth.ch\/wp-content\/uploads\/2024\/10\/Rapport-DROITS-HUMAINS-DE.pdf\" target=\"_blank\" rel=\"noreferrer noopener\">Menschenrechtsverletzungen durch multinationale Tabakkonzerne<\/a><\/li>\n<\/ul>\n","protected":false},"excerpt":{"rendered":"<p>Sie k\u00f6nnen ab sofort kostenlos A5-Brosch\u00fcren unserer Briefing-Papiere bestellen, die auf Franz\u00f6sisch, Italienisch, Deutsch und Englisch erh\u00e4ltlich sind. Schreiben Sie uns dazu einfach eine E-Mail an&nbsp;in**@*******se.ch&nbsp;und geben Sie dabei die gew\u00fcnschte Brosch\u00fcre, die Anzahl der Exemplare sowie die Sprache an. Marketing \u00d6ffentliche Meinung Neue Produkte Umwelt Hochschulen Menschenrechte<\/p>\n","protected":false},"author":4,"featured_media":0,"parent":0,"menu_order":0,"comment_status":"closed","ping_status":"closed","template":"","meta":{"_acf_changed":false,"footnotes":""},"class_list":["post-3498","page","type-page","status-publish","hentry"],"acf":[],"yoast_head":"<!-- This site is optimized with the Yoast SEO plugin v27.5 - https:\/\/yoast.com\/product\/yoast-seo-wordpress\/ -->\n<title>Unsere Brosch\u00fcren - Transparency and Truth<\/title>\n<meta name=\"robots\" content=\"index, follow, max-snippet:-1, max-image-preview:large, max-video-preview:-1\" \/>\n<link rel=\"canonical\" href=\"https:\/\/transparencyandtruth.ch\/de\/unsere-broschueren\/\" \/>\n<meta property=\"og:locale\" content=\"de_DE\" \/>\n<meta property=\"og:type\" content=\"article\" \/>\n<meta property=\"og:title\" content=\"Unsere Brosch\u00fcren - Transparency and Truth\" \/>\n<meta property=\"og:description\" content=\"Sie k\u00f6nnen ab sofort kostenlos A5-Brosch\u00fcren unserer Briefing-Papiere bestellen, die auf Franz\u00f6sisch, Italienisch, Deutsch und Englisch erh\u00e4ltlich sind. Schreiben Sie uns dazu einfach eine E-Mail an&nbsp;in**@*******se.ch&nbsp;und geben Sie dabei die gew\u00fcnschte Brosch\u00fcre, die Anzahl der Exemplare sowie die Sprache an. Marketing \u00d6ffentliche Meinung Neue Produkte Umwelt Hochschulen Menschenrechte\" \/>\n<meta property=\"og:url\" content=\"https:\/\/transparencyandtruth.ch\/de\/unsere-broschueren\/\" \/>\n<meta property=\"og:site_name\" content=\"Transparency and Truth\" \/>\n<meta property=\"article:modified_time\" content=\"2026-05-08T08:51:54+00:00\" \/>\n<meta property=\"og:image\" content=\"https:\/\/transparencyandtruth.ch\/wp-content\/uploads\/2025\/05\/tnt_logo.png\" \/>\n\t<meta property=\"og:image:width\" content=\"1041\" \/>\n\t<meta property=\"og:image:height\" content=\"716\" \/>\n\t<meta property=\"og:image:type\" content=\"image\/png\" \/>\n<meta name=\"twitter:card\" content=\"summary_large_image\" \/>\n<meta name=\"twitter:label1\" content=\"Gesch\u00e4tzte Lesezeit\" \/>\n\t<meta name=\"twitter:data1\" content=\"1\u00a0Minute\" \/>\n<script type=\"application\/ld+json\" class=\"yoast-schema-graph\">{\"@context\":\"https:\\\/\\\/schema.org\",\"@graph\":[{\"@type\":\"WebPage\",\"@id\":\"https:\\\/\\\/transparencyandtruth.ch\\\/de\\\/unsere-broschueren\\\/\",\"url\":\"https:\\\/\\\/transparencyandtruth.ch\\\/de\\\/unsere-broschueren\\\/\",\"name\":\"Unsere Brosch\u00fcren - Transparency and Truth\",\"isPartOf\":{\"@id\":\"https:\\\/\\\/transparencyandtruth.ch\\\/de\\\/#website\"},\"datePublished\":\"2026-04-23T10:58:38+00:00\",\"dateModified\":\"2026-05-08T08:51:54+00:00\",\"breadcrumb\":{\"@id\":\"https:\\\/\\\/transparencyandtruth.ch\\\/de\\\/unsere-broschueren\\\/#breadcrumb\"},\"inLanguage\":\"de\",\"potentialAction\":[{\"@type\":\"ReadAction\",\"target\":[\"https:\\\/\\\/transparencyandtruth.ch\\\/de\\\/unsere-broschueren\\\/\"]}]},{\"@type\":\"BreadcrumbList\",\"@id\":\"https:\\\/\\\/transparencyandtruth.ch\\\/de\\\/unsere-broschueren\\\/#breadcrumb\",\"itemListElement\":[{\"@type\":\"ListItem\",\"position\":1,\"name\":\"Accueil\",\"item\":\"https:\\\/\\\/transparencyandtruth.ch\\\/de\\\/\"},{\"@type\":\"ListItem\",\"position\":2,\"name\":\"Unsere Brosch\u00fcren\"}]},{\"@type\":\"WebSite\",\"@id\":\"https:\\\/\\\/transparencyandtruth.ch\\\/de\\\/#website\",\"url\":\"https:\\\/\\\/transparencyandtruth.ch\\\/de\\\/\",\"name\":\"Transparency and Truth\",\"description\":\"\",\"publisher\":{\"@id\":\"https:\\\/\\\/transparencyandtruth.ch\\\/de\\\/#organization\"},\"alternateName\":\"TnT\",\"potentialAction\":[{\"@type\":\"SearchAction\",\"target\":{\"@type\":\"EntryPoint\",\"urlTemplate\":\"https:\\\/\\\/transparencyandtruth.ch\\\/de\\\/?s={search_term_string}\"},\"query-input\":{\"@type\":\"PropertyValueSpecification\",\"valueRequired\":true,\"valueName\":\"search_term_string\"}}],\"inLanguage\":\"de\"},{\"@type\":\"Organization\",\"@id\":\"https:\\\/\\\/transparencyandtruth.ch\\\/de\\\/#organization\",\"name\":\"Transparency and Truth\",\"alternateName\":\"TnT\",\"url\":\"https:\\\/\\\/transparencyandtruth.ch\\\/de\\\/\",\"logo\":{\"@type\":\"ImageObject\",\"inLanguage\":\"de\",\"@id\":\"https:\\\/\\\/transparencyandtruth.ch\\\/de\\\/#\\\/schema\\\/logo\\\/image\\\/\",\"url\":\"https:\\\/\\\/transparencyandtruth.ch\\\/wp-content\\\/uploads\\\/2025\\\/05\\\/tnt_logo.png\",\"contentUrl\":\"https:\\\/\\\/transparencyandtruth.ch\\\/wp-content\\\/uploads\\\/2025\\\/05\\\/tnt_logo.png\",\"width\":1041,\"height\":716,\"caption\":\"Transparency and Truth\"},\"image\":{\"@id\":\"https:\\\/\\\/transparencyandtruth.ch\\\/de\\\/#\\\/schema\\\/logo\\\/image\\\/\"},\"sameAs\":[\"https:\\\/\\\/www.instagram.com\\\/transparencytruth\\\/\",\"https:\\\/\\\/www.linkedin.com\\\/company\\\/transparency-and-truth\\\/\"]}]}<\/script>\n<!-- \/ Yoast SEO plugin. -->","yoast_head_json":{"title":"Unsere Brosch\u00fcren - Transparency and Truth","robots":{"index":"index","follow":"follow","max-snippet":"max-snippet:-1","max-image-preview":"max-image-preview:large","max-video-preview":"max-video-preview:-1"},"canonical":"https:\/\/transparencyandtruth.ch\/de\/unsere-broschueren\/","og_locale":"de_DE","og_type":"article","og_title":"Unsere Brosch\u00fcren - Transparency and Truth","og_description":"Sie k\u00f6nnen ab sofort kostenlos A5-Brosch\u00fcren unserer Briefing-Papiere bestellen, die auf Franz\u00f6sisch, Italienisch, Deutsch und Englisch erh\u00e4ltlich sind. Schreiben Sie uns dazu einfach eine E-Mail an&nbsp;in**@*******se.ch&nbsp;und geben Sie dabei die gew\u00fcnschte Brosch\u00fcre, die Anzahl der Exemplare sowie die Sprache an. Marketing \u00d6ffentliche Meinung Neue Produkte Umwelt Hochschulen Menschenrechte","og_url":"https:\/\/transparencyandtruth.ch\/de\/unsere-broschueren\/","og_site_name":"Transparency and Truth","article_modified_time":"2026-05-08T08:51:54+00:00","og_image":[{"width":1041,"height":716,"url":"https:\/\/transparencyandtruth.ch\/wp-content\/uploads\/2025\/05\/tnt_logo.png","type":"image\/png"}],"twitter_card":"summary_large_image","twitter_misc":{"Gesch\u00e4tzte Lesezeit":"1\u00a0Minute"},"schema":{"@context":"https:\/\/schema.org","@graph":[{"@type":"WebPage","@id":"https:\/\/transparencyandtruth.ch\/de\/unsere-broschueren\/","url":"https:\/\/transparencyandtruth.ch\/de\/unsere-broschueren\/","name":"Unsere Brosch\u00fcren - Transparency and Truth","isPartOf":{"@id":"https:\/\/transparencyandtruth.ch\/de\/#website"},"datePublished":"2026-04-23T10:58:38+00:00","dateModified":"2026-05-08T08:51:54+00:00","breadcrumb":{"@id":"https:\/\/transparencyandtruth.ch\/de\/unsere-broschueren\/#breadcrumb"},"inLanguage":"de","potentialAction":[{"@type":"ReadAction","target":["https:\/\/transparencyandtruth.ch\/de\/unsere-broschueren\/"]}]},{"@type":"BreadcrumbList","@id":"https:\/\/transparencyandtruth.ch\/de\/unsere-broschueren\/#breadcrumb","itemListElement":[{"@type":"ListItem","position":1,"name":"Accueil","item":"https:\/\/transparencyandtruth.ch\/de\/"},{"@type":"ListItem","position":2,"name":"Unsere Brosch\u00fcren"}]},{"@type":"WebSite","@id":"https:\/\/transparencyandtruth.ch\/de\/#website","url":"https:\/\/transparencyandtruth.ch\/de\/","name":"Transparency and Truth","description":"","publisher":{"@id":"https:\/\/transparencyandtruth.ch\/de\/#organization"},"alternateName":"TnT","potentialAction":[{"@type":"SearchAction","target":{"@type":"EntryPoint","urlTemplate":"https:\/\/transparencyandtruth.ch\/de\/?s={search_term_string}"},"query-input":{"@type":"PropertyValueSpecification","valueRequired":true,"valueName":"search_term_string"}}],"inLanguage":"de"},{"@type":"Organization","@id":"https:\/\/transparencyandtruth.ch\/de\/#organization","name":"Transparency and Truth","alternateName":"TnT","url":"https:\/\/transparencyandtruth.ch\/de\/","logo":{"@type":"ImageObject","inLanguage":"de","@id":"https:\/\/transparencyandtruth.ch\/de\/#\/schema\/logo\/image\/","url":"https:\/\/transparencyandtruth.ch\/wp-content\/uploads\/2025\/05\/tnt_logo.png","contentUrl":"https:\/\/transparencyandtruth.ch\/wp-content\/uploads\/2025\/05\/tnt_logo.png","width":1041,"height":716,"caption":"Transparency and Truth"},"image":{"@id":"https:\/\/transparencyandtruth.ch\/de\/#\/schema\/logo\/image\/"},"sameAs":["https:\/\/www.instagram.com\/transparencytruth\/","https:\/\/www.linkedin.com\/company\/transparency-and-truth\/"]}]}},"_links":{"self":[{"href":"https:\/\/transparencyandtruth.ch\/de\/wp-json\/wp\/v2\/pages\/3498","targetHints":{"allow":["GET"]}}],"collection":[{"href":"https:\/\/transparencyandtruth.ch\/de\/wp-json\/wp\/v2\/pages"}],"about":[{"href":"https:\/\/transparencyandtruth.ch\/de\/wp-json\/wp\/v2\/types\/page"}],"author":[{"embeddable":true,"href":"https:\/\/transparencyandtruth.ch\/de\/wp-json\/wp\/v2\/users\/4"}],"replies":[{"embeddable":true,"href":"https:\/\/transparencyandtruth.ch\/de\/wp-json\/wp\/v2\/comments?post=3498"}],"version-history":[{"count":5,"href":"https:\/\/transparencyandtruth.ch\/de\/wp-json\/wp\/v2\/pages\/3498\/revisions"}],"predecessor-version":[{"id":3619,"href":"https:\/\/transparencyandtruth.ch\/de\/wp-json\/wp\/v2\/pages\/3498\/revisions\/3619"}],"wp:attachment":[{"href":"https:\/\/transparencyandtruth.ch\/de\/wp-json\/wp\/v2\/media?parent=3498"}],"curies":[{"name":"wp","href":"https:\/\/api.w.org\/{rel}","templated":true}]}}